{"id":18315,"date":"2023-10-18T20:34:14","date_gmt":"2023-10-18T20:34:14","guid":{"rendered":"https:\/\/3mkayis.com\/?page_id=18315"},"modified":"2024-02-26T11:21:00","modified_gmt":"2024-02-26T11:21:00","slug":"qualitest","status":"publish","type":"page","link":"https:\/\/3mkayis.com\/en\/qualitest\/","title":{"rendered":"Qualitest"},"content":{"rendered":"<section class=\"wpb-content-wrapper\"><div class=\"vc_row wpb_row vc_row-fluid vc_column-gap-24\" >\n\t<div class=\"container et-clearfix\">\n\t\t<div class=\"wpb_column vc_column_container vc_col-sm-3 text-align-none\" >\n\t<div class=\"vc_column-inner\" >\n\t\t<div class=\"wpb_wrapper\">\n\t\t\t\n\t<div  class=\"wpb_single_image wpb_content_element vc_align_left\">\n\t\t\n\t\t<figure class=\"wpb_wrapper vc_figure\">\n\t\t\t<div class=\"vc_single_image-wrapper   vc_box_border_grey\"><img loading=\"lazy\" decoding=\"async\" width=\"375\" height=\"433\" src=\"https:\/\/3mkayis.com\/wp-content\/uploads\/2023\/09\/21.png\" class=\"vc_single_image-img attachment-full\" alt=\"Qualitest\" title=\"21\" data-responsive-images=\"false\" \/><\/div>\n\t\t<\/figure>\n\t<\/div>\n<span class=\"et-gap et-clearfix et-gap-890689 hide1280\"><\/span>\t\t<\/div>\n\t\t\t<\/div>\n<\/div><div class=\"wpb_column vc_column_container vc_col-sm-9 text-align-none\" >\n\t<div class=\"vc_column-inner\" >\n\t\t<div class=\"wpb_wrapper\">\n\t\t\t\n<div class=\"wpb_text_column wpb_content_element\"  data-animation-delay=\"0\">\n\t<div class=\"wpb_wrapper\">\n\t\t<h2><strong><b>QUALITEST <\/b>\u00dcr\u00fcnlerinin T\u00fcrkiye Sat\u0131\u015f\u0131<\/strong><\/h2>\n<p><strong>QUALITEST<\/strong>\u00a0\u00fcr\u00fcnlerinde T\u00fcrkiye ve di\u011fer t\u00fcm \u00fclkeler i\u00e7in sat\u0131\u015f\u0131n\u0131 ger\u00e7ekle\u015ftirmekteyiz. Fiyat teklifimizi almak i\u00e7in bizimle ileti\u015fime ge\u00e7ebilirsiniz. L\u00fctfen talebinizle ilgili detaylar\u0131 ve kodlar\u0131 i\u00e7eren bilgileri bilgi@3makyis.com e-posta adresimize g\u00f6nderiniz.<\/p>\n<p><strong>QUALITEST<\/strong> ve di\u011fer modellerinin de bulundu\u011fu marka portf\u00f6y\u00fcm\u00fcz\u00fc web sitemizden kontrol edebilirsiniz. E\u011fer arad\u0131\u011f\u0131n\u0131z marka bulunmuyorsa, bizlere mail g\u00f6nderebilir ya da Teklif \u0130ste formunu doldurabilirsiniz.<\/p>\n<p>Firmam\u0131z <strong>QUALITEST<\/strong>\u00a0T\u00fcrkiye Distrib\u00fct\u00f6r\u00fc veya temsilcisi de\u011fildir. Firmam\u0131z sipari\u015f durumunda, belirtilen \u00fcr\u00fcnlerde sadece Orijinal ve yeni \u00fcr\u00fcn teklifi sunmaktad\u0131r. Bu sitede g\u00f6sterilen \u00d6zel marka adlar\u0131 ve ticari markalar ilgili sahiplerinin m\u00fclkiyetindedir.<\/p>\n<p><strong>QUALITEST<\/strong> \u00dcr\u00fcn se\u00e7eneklerimiz aras\u0131nda, sekt\u00f6r\u00fcn\u00fcz i\u00e7in gerekli olan t\u00fcm teknolojik ve end\u00fcstriyel ihtiya\u00e7lar\u0131 kar\u015f\u0131layabilecek geni\u015f bir yelpaze bulunmaktad\u0131r. M\u00fc\u015fterilerimizin memnuniyetini en \u00fcst d\u00fczeyde tutmak i\u00e7in, \u00fcr\u00fcn kalitesinden \u00f6d\u00fcn vermeden, rekabet\u00e7i fiyatland\u0131rma politikas\u0131yla hareket ediyoruz.<\/p>\n<p>Teklif s\u00fcrecimiz, m\u00fc\u015fterilerimizin ihtiya\u00e7lar\u0131na en uygun \u00e7\u00f6z\u00fcmleri bulmaya y\u00f6nelik detayl\u0131 bir de\u011ferlendirme i\u00e7erir. Bu sayede, her bir m\u00fc\u015fterimize \u00f6zelle\u015ftirilmi\u015f hizmetler sunabiliriz. <strong>QUALITEST<\/strong>\u00a0\u00fcr\u00fcnleri ile ilgili her t\u00fcrl\u00fc soru ve talebiniz i\u00e7in, profesyonel ekibimiz sizlere yard\u0131mc\u0131 olmak i\u00e7in haz\u0131rd\u0131r.<\/p>\n\t<\/div>\n<\/div>\n\n<span class=\"et-gap et-clearfix et-gap-138704\"><\/span><span class=\"et-gap et-clearfix et-gap-138704\"><\/span>\t\t<\/div>\n\t\t\t<\/div>\n<\/div>\t<\/div>\n\t\t<\/div>\n<\/section>","protected":false},"excerpt":{"rendered":"QUALITEST \u00dcr\u00fcnlerinin T\u00fcrkiye Sat\u0131\u015f\u0131 QUALITEST\u00a0\u00fcr\u00fcnlerinde T\u00fcrkiye ve di\u011fer t\u00fcm \u00fclkeler i\u00e7in sat\u0131\u015f\u0131n\u0131 ger\u00e7ekle\u015ftirmekteyiz. Fiyat teklifimizi almak i\u00e7in bizimle ileti\u015fime ge\u00e7ebilirsiniz. L\u00fctfen talebinizle ilgili detaylar\u0131 ve kodlar\u0131 i\u00e7eren bilgileri bilgi@3makyis.com e-posta adresimize g\u00f6nderiniz. QUALITEST ve di\u011fer modellerinin de bulundu\u011fu marka portf\u00f6y\u00fcm\u00fcz\u00fc web sitemizden kontrol edebilirsiniz. E\u011fer arad\u0131\u011f\u0131n\u0131z marka bulunmuyorsa, bizlere mail g\u00f6nderebilir ya da Teklif \u0130ste [...]","protected":false},"author":1,"featured_media":0,"parent":0,"menu_order":0,"comment_status":"closed","ping_status":"closed","template":"page-vc.php","meta":{"footnotes":""},"class_list":["post-18315","page","type-page","status-publish","hentry"],"yoast_head":"<!-- This site is optimized with the Yoast SEO plugin v26.8 - https:\/\/yoast.com\/product\/yoast-seo-wordpress\/ -->\n<title>Qualitest - DERHAN<\/title>\n<meta name=\"robots\" content=\"index, follow, max-snippet:-1, max-image-preview:large, max-video-preview:-1\" \/>\n<link rel=\"canonical\" href=\"https:\/\/3mkayis.com\/en\/qualitest\/\" \/>\n<meta property=\"og:locale\" content=\"en_US\" \/>\n<meta property=\"og:type\" content=\"article\" \/>\n<meta property=\"og:title\" content=\"Qualitest - DERHAN\" \/>\n<meta property=\"og:url\" content=\"https:\/\/3mkayis.com\/en\/qualitest\/\" \/>\n<meta property=\"og:site_name\" content=\"DERHAN\" \/>\n<meta property=\"article:modified_time\" content=\"2024-02-26T11:21:00+00:00\" \/>\n<meta name=\"twitter:card\" content=\"summary_large_image\" \/>\n<meta name=\"twitter:label1\" content=\"Est. reading time\" \/>\n\t<meta name=\"twitter:data1\" content=\"1 minute\" \/>\n<script type=\"application\/ld+json\" class=\"yoast-schema-graph\">{\"@context\":\"https:\/\/schema.org\",\"@graph\":[{\"@type\":\"WebPage\",\"@id\":\"https:\/\/3mkayis.com\/qualitest\/\",\"url\":\"https:\/\/3mkayis.com\/qualitest\/\",\"name\":\"Qualitest - DERHAN\",\"isPartOf\":{\"@id\":\"https:\/\/3mkayis.com\/#website\"},\"datePublished\":\"2023-10-18T20:34:14+00:00\",\"dateModified\":\"2024-02-26T11:21:00+00:00\",\"breadcrumb\":{\"@id\":\"https:\/\/3mkayis.com\/qualitest\/#breadcrumb\"},\"inLanguage\":\"en-US\",\"potentialAction\":[{\"@type\":\"ReadAction\",\"target\":[\"https:\/\/3mkayis.com\/qualitest\/\"]}]},{\"@type\":\"BreadcrumbList\",\"@id\":\"https:\/\/3mkayis.com\/qualitest\/#breadcrumb\",\"itemListElement\":[{\"@type\":\"ListItem\",\"position\":1,\"name\":\"Anasayfa\",\"item\":\"https:\/\/3mkayis.com\/\"},{\"@type\":\"ListItem\",\"position\":2,\"name\":\"Qualitest\"}]},{\"@type\":\"WebSite\",\"@id\":\"https:\/\/3mkayis.com\/#website\",\"url\":\"https:\/\/3mkayis.com\/\",\"name\":\"DERHAN\",\"description\":\"3M KAYI\u015e DI\u015e T\u0130C. SAN. LTD. \u015eT\u0130.\",\"potentialAction\":[{\"@type\":\"SearchAction\",\"target\":{\"@type\":\"EntryPoint\",\"urlTemplate\":\"https:\/\/3mkayis.com\/?s={search_term_string}\"},\"query-input\":{\"@type\":\"PropertyValueSpecification\",\"valueRequired\":true,\"valueName\":\"search_term_string\"}}],\"inLanguage\":\"en-US\"}]}<\/script>\n<!-- \/ Yoast SEO plugin. -->","yoast_head_json":{"title":"Qualitest - DERHAN","robots":{"index":"index","follow":"follow","max-snippet":"max-snippet:-1","max-image-preview":"max-image-preview:large","max-video-preview":"max-video-preview:-1"},"canonical":"https:\/\/3mkayis.com\/en\/qualitest\/","og_locale":"en_US","og_type":"article","og_title":"Qualitest - DERHAN","og_url":"https:\/\/3mkayis.com\/en\/qualitest\/","og_site_name":"DERHAN","article_modified_time":"2024-02-26T11:21:00+00:00","twitter_card":"summary_large_image","twitter_misc":{"Est. reading time":"1 minute"},"schema":{"@context":"https:\/\/schema.org","@graph":[{"@type":"WebPage","@id":"https:\/\/3mkayis.com\/qualitest\/","url":"https:\/\/3mkayis.com\/qualitest\/","name":"Qualitest - DERHAN","isPartOf":{"@id":"https:\/\/3mkayis.com\/#website"},"datePublished":"2023-10-18T20:34:14+00:00","dateModified":"2024-02-26T11:21:00+00:00","breadcrumb":{"@id":"https:\/\/3mkayis.com\/qualitest\/#breadcrumb"},"inLanguage":"en-US","potentialAction":[{"@type":"ReadAction","target":["https:\/\/3mkayis.com\/qualitest\/"]}]},{"@type":"BreadcrumbList","@id":"https:\/\/3mkayis.com\/qualitest\/#breadcrumb","itemListElement":[{"@type":"ListItem","position":1,"name":"Anasayfa","item":"https:\/\/3mkayis.com\/"},{"@type":"ListItem","position":2,"name":"Qualitest"}]},{"@type":"WebSite","@id":"https:\/\/3mkayis.com\/#website","url":"https:\/\/3mkayis.com\/","name":"DERHAN","description":"3M KAYI\u015e DI\u015e T\u0130C. SAN. LTD. \u015eT\u0130.","potentialAction":[{"@type":"SearchAction","target":{"@type":"EntryPoint","urlTemplate":"https:\/\/3mkayis.com\/?s={search_term_string}"},"query-input":{"@type":"PropertyValueSpecification","valueRequired":true,"valueName":"search_term_string"}}],"inLanguage":"en-US"}]}},"_links":{"self":[{"href":"https:\/\/3mkayis.com\/en\/wp-json\/wp\/v2\/pages\/18315","targetHints":{"allow":["GET"]}}],"collection":[{"href":"https:\/\/3mkayis.com\/en\/wp-json\/wp\/v2\/pages"}],"about":[{"href":"https:\/\/3mkayis.com\/en\/wp-json\/wp\/v2\/types\/page"}],"author":[{"embeddable":true,"href":"https:\/\/3mkayis.com\/en\/wp-json\/wp\/v2\/users\/1"}],"replies":[{"embeddable":true,"href":"https:\/\/3mkayis.com\/en\/wp-json\/wp\/v2\/comments?post=18315"}],"version-history":[{"count":4,"href":"https:\/\/3mkayis.com\/en\/wp-json\/wp\/v2\/pages\/18315\/revisions"}],"predecessor-version":[{"id":18761,"href":"https:\/\/3mkayis.com\/en\/wp-json\/wp\/v2\/pages\/18315\/revisions\/18761"}],"wp:attachment":[{"href":"https:\/\/3mkayis.com\/en\/wp-json\/wp\/v2\/media?parent=18315"}],"curies":[{"name":"wp","href":"https:\/\/api.w.org\/{rel}","templated":true}]}}